{"id":2,"date":"2025-04-22T23:29:20","date_gmt":"2025-04-22T21:29:20","guid":{"rendered":"http:\/\/bezaiwp68.you2.pl\/?page_id=2"},"modified":"2025-06-28T14:52:19","modified_gmt":"2025-06-28T12:52:19","slug":"przykladowa-strona","status":"publish","type":"page","link":"https:\/\/wordcamp1.dkonto.pl\/","title":{"rendered":"Przyk\u0142adowa strona"},"content":{"rendered":"<h2> WordCamp Krak\u00f3w 2025<\/h2>\n<p><strong>27\u201329 czerwca 2025<\/strong> w <em>Dzia\u0142owni Politechniki Krakowskiej<\/em> odb\u0119dzie si\u0119 <strong>WordCamp Krak\u00f3w 2025<\/strong> \u2013 najwi\u0119ksze w Polsce wydarzenie dla pasjonat\u00f3w i u\u017cytkownik\u00f3w WordPressa.<\/p>\n<hr>\n<h3> Czego mo\u017cesz si\u0119 spodziewa\u0107?<\/h3>\n<ul>\n<li><strong>Inspiruj\u0105ce prelekcje i warsztaty<\/strong> prowadzone w j\u0119zyku polskim <strong>i<\/strong> angielskim<\/li>\n<li>R\u00f3\u017cnorodne <strong>\u015bcie\u017cki tematyczne<\/strong> dla developer\u00f3w, freelancer\u00f3w, wirtualnych asystentek, przedstawicieli biznesu i pocz\u0105tkuj\u0105cych<\/li>\n<li>Ponad <strong>400 uczestnik\u00f3w<\/strong>, <strong>38 prelekcji<\/strong>, <strong>6 \u015bcie\u017cek<\/strong><\/li>\n<\/ul>\n<hr>\n<h3> Spo\u0142eczno\u015b\u0107 i integracja<\/h3>\n<p>W sobot\u0119 wieczorem zapraszamy na <strong>Middle Party<\/strong> w Klubie Bilardowym Diament \u2013 16 sto\u0142\u00f3w, dartsy, napoje i doskona\u0142a okazja do networkingu.<\/p>\n<hr>\n<h3>\ufe0f Contributor Day<\/h3>\n<p>W pi\u0105tek ch\u0119tni mog\u0105 uczestniczy\u0107 w <strong>Contributor Day<\/strong> \u2013 wsp\u00f3\u0142tworzy\u0107 WordPressa, t\u0142umaczy\u0107 wtyczki lub wspiera\u0107 projekt.<\/p>\n<hr>\n<h3> Dlaczego warto?<\/h3>\n<ul>\n<li>To <strong>idealne miejsce<\/strong>, by rozwija\u0107 umiej\u0119tno\u015bci, inspirowa\u0107 si\u0119 i <strong>nawi\u0105zywa\u0107 kontakty<\/strong><\/li>\n<li>Program \u0142\u0105czy <strong>techniczne tre\u015bci<\/strong> i <strong>biznesowe podej\u015bcie<\/strong><\/li>\n<li>Stworzony z my\u015bl\u0105 o <strong>otwartej, wspieraj\u0105cej si\u0119 spo\u0142eczno\u015bci<\/strong><\/li>\n<\/ul>\n<hr>\n<h3>\u2705 Do\u0142\u0105cz do nas!<\/h3>\n<p>Odwied\u017a sekcj\u0119 <strong>\u201eKup bilet\u201d<\/strong>, wybierz odpowiednie wej\u015bcie i <strong>zarezerwuj swoje miejsce ju\u017c dzi\u015b<\/strong>!<br \/>\nNie przegap <strong>najwi\u0119kszego \u015bwi\u0119ta WordPressa w Polsce<\/strong>.<\/p>\n","protected":false},"excerpt":{"rendered":"<p>WordCamp Krak\u00f3w 2025 27\u201329 czerwca 2025 w Dzia\u0142owni Politechniki Krakowskiej odb\u0119dzie si\u0119 WordCamp Krak\u00f3w 2025 \u2013 najwi\u0119ksze w Polsce wydarzenie dla pasjonat\u00f3w i u\u017cytkownik\u00f3w WordPressa. Czego mo\u017cesz si\u0119 spodziewa\u0107? Inspiruj\u0105ce prelekcje i warsztaty prowadzone w j\u0119zyku polskim i angielskim R\u00f3\u017cnorodne \u015bcie\u017cki tematyczne dla developer\u00f3w, freelancer\u00f3w, wirtualnych asystentek, przedstawicieli biznesu i pocz\u0105tkuj\u0105cych Ponad 400 uczestnik\u00f3w, 38 [&hellip;]<\/p>\n","protected":false},"author":1,"featured_media":0,"parent":0,"menu_order":0,"comment_status":"closed","ping_status":"open","template":"","meta":{"footnotes":""},"class_list":["post-2","page","type-page","status-publish","hentry"],"_links":{"self":[{"href":"https:\/\/wordcamp1.dkonto.pl\/index.php\/wp-json\/wp\/v2\/pages\/2","targetHints":{"allow":["GET"]}}],"collection":[{"href":"https:\/\/wordcamp1.dkonto.pl\/index.php\/wp-json\/wp\/v2\/pages"}],"about":[{"href":"https:\/\/wordcamp1.dkonto.pl\/index.php\/wp-json\/wp\/v2\/types\/page"}],"author":[{"embeddable":true,"href":"https:\/\/wordcamp1.dkonto.pl\/index.php\/wp-json\/wp\/v2\/users\/1"}],"replies":[{"embeddable":true,"href":"https:\/\/wordcamp1.dkonto.pl\/index.php\/wp-json\/wp\/v2\/comments?post=2"}],"version-history":[{"count":1,"href":"https:\/\/wordcamp1.dkonto.pl\/index.php\/wp-json\/wp\/v2\/pages\/2\/revisions"}],"predecessor-version":[{"id":8,"href":"https:\/\/wordcamp1.dkonto.pl\/index.php\/wp-json\/wp\/v2\/pages\/2\/revisions\/8"}],"wp:attachment":[{"href":"https:\/\/wordcamp1.dkonto.pl\/index.php\/wp-json\/wp\/v2\/media?parent=2"}],"curies":[{"name":"wp","href":"https:\/\/api.w.org\/{rel}","templated":true}]}}